{"id":971,"date":"2020-12-26T00:02:12","date_gmt":"2020-12-25T23:02:12","guid":{"rendered":"http:\/\/formidable-asbl.com\/?page_id=971"},"modified":"2022-08-28T14:14:43","modified_gmt":"2022-08-28T12:14:43","slug":"don-de-sang","status":"publish","type":"page","link":"http:\/\/formidable-asbl.com\/index.php\/nos-actions\/don-de-sang\/","title":{"rendered":"Don de Sang"},"content":{"rendered":"<h2>Don de sang<\/h2>\n<div class=\"news-list\">\n<div class=\"news-item\">\n<div class=\"news-image\"><img loading=\"lazy\" decoding=\"async\" class=\"alignnone wp-image-580 \" src=\"http:\/\/formidable-asbl.com\/wp-content\/uploads\/2020\/12\/ActionDonDeSang2-724x1024.jpg\" alt=\"\" width=\"336\" height=\"475\" srcset=\"http:\/\/formidable-asbl.com\/wp-content\/uploads\/2020\/12\/ActionDonDeSang2-724x1024.jpg 724w, http:\/\/formidable-asbl.com\/wp-content\/uploads\/2020\/12\/ActionDonDeSang2-212x300.jpg 212w, http:\/\/formidable-asbl.com\/wp-content\/uploads\/2020\/12\/ActionDonDeSang2-768x1087.jpg 768w, http:\/\/formidable-asbl.com\/wp-content\/uploads\/2020\/12\/ActionDonDeSang2-1085x1536.jpg 1085w, http:\/\/formidable-asbl.com\/wp-content\/uploads\/2020\/12\/ActionDonDeSang2.jpg 1424w\" sizes=\"auto, (max-width: 336px) 100vw, 336px\" \/><\/div>\n<div class=\"news-info\">\n<p class=\"news-info\">L&rsquo;asbl Formidable en collaboration avec le service de transfusion de sang organise une collecte de sang pour sauver des vies. Un don de sang prend peu de temps et sauve 3 vies.<br \/>\nCe geste g\u00e9n\u00e9reux et gratuit est parfois la seule possibilit\u00e9 de soins. Un jour, vous ou un membre de votre entourage aurez peut-\u00eatre besoin de sang.<\/p>\n<\/div>\n<\/div>\n<div class=\"news-item\">\n<div class=\"news-image\"><img loading=\"lazy\" decoding=\"async\" class=\"alignnone wp-image-605 \" src=\"http:\/\/formidable-asbl.com\/wp-content\/uploads\/2020\/12\/ActionDondesang.jpg\" alt=\"\" width=\"347\" height=\"260\" srcset=\"http:\/\/formidable-asbl.com\/wp-content\/uploads\/2020\/12\/ActionDondesang.jpg 960w, http:\/\/formidable-asbl.com\/wp-content\/uploads\/2020\/12\/ActionDondesang-300x225.jpg 300w, http:\/\/formidable-asbl.com\/wp-content\/uploads\/2020\/12\/ActionDondesang-768x576.jpg 768w\" sizes=\"auto, (max-width: 347px) 100vw, 347px\" \/><\/div>\n<div class=\"news-info\">\n<p class=\"news-info\">Toute personne \u00e2g\u00e9e de 18 ans, de plus de 50 kg et en bonne sant\u00e9 peut faire un don de sang 4 fois par an. Le premier don doit \u00eatre r\u00e9alis\u00e9 avant 66 ans et ensuite, il n&rsquo;y a pas de limite d&rsquo;\u00e2ge si le donneur reste r\u00e9gulier.<br \/>\nCet acte est crucial car il permet le maintien d&rsquo;une r\u00e9serve de sang suffisante pour tous les patients de la r\u00e9gion de Charleroi.<\/p>\n<\/div>\n<\/div>\n<div class=\"news-item\"><iframe loading=\"lazy\" style=\"border: none; overflow: hidden;\" src=\"https:\/\/www.facebook.com\/plugins\/video.php?height=314&amp;href=https%3A%2F%2Fwww.facebook.com%2F486746108078425%2Fvideos%2F831673910548736%2F&amp;show_text=false&amp;width=560\" width=\"560\" height=\"314\" frameborder=\"0\" scrolling=\"no\" allowfullscreen=\"allowfullscreen\"><\/iframe><\/div>\n<\/div>\n","protected":false},"excerpt":{"rendered":"<p>Don de sang L&rsquo;asbl Formidable en collaboration avec le service de transfusion de sang organise une collecte de sang pour sauver des vies. Un don de sang prend peu de temps et sauve 3 vies. Ce geste g\u00e9n\u00e9reux et gratuit est parfois la seule possibilit\u00e9 de soins. Un jour, vous ou un membre de votre entourage aurez peut-\u00eatre besoin de sang. Toute personne \u00e2g\u00e9e de 18 ans, de plus de 50 kg et en bonne sant\u00e9 peut faire un don de sang 4 fois par an. Le premier don doit \u00eatre r\u00e9alis\u00e9 avant 66 ans et ensuite, il n&rsquo;y a&#8230;<\/p>\n","protected":false},"author":1,"featured_media":0,"parent":747,"menu_order":0,"comment_status":"closed","ping_status":"closed","template":"","meta":{"_exactmetrics_skip_tracking":false,"_exactmetrics_sitenote_active":false,"_exactmetrics_sitenote_note":"","_exactmetrics_sitenote_category":0,"footnotes":""},"class_list":["post-971","page","type-page","status-publish","hentry"],"_links":{"self":[{"href":"http:\/\/formidable-asbl.com\/index.php\/wp-json\/wp\/v2\/pages\/971","targetHints":{"allow":["GET"]}}],"collection":[{"href":"http:\/\/formidable-asbl.com\/index.php\/wp-json\/wp\/v2\/pages"}],"about":[{"href":"http:\/\/formidable-asbl.com\/index.php\/wp-json\/wp\/v2\/types\/page"}],"author":[{"embeddable":true,"href":"http:\/\/formidable-asbl.com\/index.php\/wp-json\/wp\/v2\/users\/1"}],"replies":[{"embeddable":true,"href":"http:\/\/formidable-asbl.com\/index.php\/wp-json\/wp\/v2\/comments?post=971"}],"version-history":[{"count":4,"href":"http:\/\/formidable-asbl.com\/index.php\/wp-json\/wp\/v2\/pages\/971\/revisions"}],"predecessor-version":[{"id":1139,"href":"http:\/\/formidable-asbl.com\/index.php\/wp-json\/wp\/v2\/pages\/971\/revisions\/1139"}],"up":[{"embeddable":true,"href":"http:\/\/formidable-asbl.com\/index.php\/wp-json\/wp\/v2\/pages\/747"}],"wp:attachment":[{"href":"http:\/\/formidable-asbl.com\/index.php\/wp-json\/wp\/v2\/media?parent=971"}],"curies":[{"name":"wp","href":"https:\/\/api.w.org\/{rel}","templated":true}]}}