{"id":954,"date":"2020-12-25T23:38:12","date_gmt":"2020-12-25T22:38:12","guid":{"rendered":"http:\/\/formidable-asbl.com\/?page_id=954"},"modified":"2022-08-28T14:14:06","modified_gmt":"2022-08-28T12:14:06","slug":"inclusion-par-le-sport","status":"publish","type":"page","link":"http:\/\/formidable-asbl.com\/index.php\/nos-actions\/inclusion-par-le-sport\/","title":{"rendered":"Inclusion par le sport"},"content":{"rendered":"<h2>Le sport<\/h2>\n<div class=\"news-list\">\n<div class=\"news-item\">\n<div class=\"news-image\"><img loading=\"lazy\" decoding=\"async\" class=\"alignnone wp-image-633 \" src=\"http:\/\/formidable-asbl.com\/wp-content\/uploads\/2020\/12\/sport5.jpg\" alt=\"\" width=\"354\" height=\"266\" srcset=\"http:\/\/formidable-asbl.com\/wp-content\/uploads\/2020\/12\/sport5.jpg 960w, http:\/\/formidable-asbl.com\/wp-content\/uploads\/2020\/12\/sport5-300x225.jpg 300w, http:\/\/formidable-asbl.com\/wp-content\/uploads\/2020\/12\/sport5-768x576.jpg 768w\" sizes=\"auto, (max-width: 354px) 100vw, 354px\" \/><\/div>\n<div class=\"news-info\">\n<p class=\"news-info\">L\u2019asbl Formidable organise des tournois de solidarit\u00e9, afin de permettre aux jeunes vivant dans \u00ab les quartiers \u00bb de vivre leur passion et de pouvoir passer du temps sur un terrain plut\u00f4t que sur les bancs de la cit\u00e9. \u00a0Cette rencontre se fera entre des \u00e9quipes de jeunes de quartier et diff\u00e9rents intervenants du monde professionnel.<\/p>\n<\/div>\n<\/div>\n<div class=\"news-item\">\n<div class=\"news-image\"><img loading=\"lazy\" decoding=\"async\" class=\"alignnone wp-image-956 \" src=\"http:\/\/formidable-asbl.com\/wp-content\/uploads\/2020\/12\/actionSport-0892018-1.jpg\" alt=\"\" width=\"365\" height=\"273\" srcset=\"http:\/\/formidable-asbl.com\/wp-content\/uploads\/2020\/12\/actionSport-0892018-1.jpg 960w, http:\/\/formidable-asbl.com\/wp-content\/uploads\/2020\/12\/actionSport-0892018-1-300x225.jpg 300w, http:\/\/formidable-asbl.com\/wp-content\/uploads\/2020\/12\/actionSport-0892018-1-768x576.jpg 768w\" sizes=\"auto, (max-width: 365px) 100vw, 365px\" \/><\/div>\n<div class=\"news-info\">\n<p class=\"news-info\">Nous pouvons compter sur les \u00e9quipes de la police, la TEC Charleroi, le Fedasil, Tibi, la Sambrienne, IPSMA, une \u00e9quipe de sans-abri,&#8230;<\/p>\n<\/div>\n<\/div>\n<div class=\"news-item\">\n<div class=\"news-image\"><img loading=\"lazy\" decoding=\"async\" class=\"alignnone wp-image-636 \" src=\"http:\/\/formidable-asbl.com\/wp-content\/uploads\/2020\/12\/sport2.jpg\" alt=\"\" width=\"369\" height=\"277\" srcset=\"http:\/\/formidable-asbl.com\/wp-content\/uploads\/2020\/12\/sport2.jpg 960w, http:\/\/formidable-asbl.com\/wp-content\/uploads\/2020\/12\/sport2-300x225.jpg 300w, http:\/\/formidable-asbl.com\/wp-content\/uploads\/2020\/12\/sport2-768x576.jpg 768w\" sizes=\"auto, (max-width: 369px) 100vw, 369px\" \/><\/div>\n<div class=\"news-info\">\n<p class=\"news-info\">Notre souhait est d\u2019am\u00e9liorer le dialogue entre la jeunesse et les diff\u00e9rents interlocuteurs de la ville, permettre \u00e0 ceux-ci de pratiquer une activit\u00e9 sportive avec un \u00e9gal acc\u00e8s aux structures associatives et sportives.<\/p>\n<\/div>\n<\/div>\n<div class=\"news-item\"><iframe loading=\"lazy\" style=\"border: none; overflow: hidden;\" src=\"https:\/\/www.facebook.com\/plugins\/post.php?href=https%3A%2F%2Fwww.facebook.com%2Fpermalink.php%3Fstory_fbid%3D2172788902807462%26id%3D486746108078425&amp;width=500&amp;show_text=true&amp;height=701&amp;appId\" width=\"500\" height=\"701\" frameborder=\"0\" scrolling=\"no\" allowfullscreen=\"allowfullscreen\"><\/iframe><\/div>\n<\/div>\n","protected":false},"excerpt":{"rendered":"<p>Le sport L\u2019asbl Formidable organise des tournois de solidarit\u00e9, afin de permettre aux jeunes vivant dans \u00ab les quartiers \u00bb de vivre leur passion et de pouvoir passer du temps sur un terrain plut\u00f4t que sur les bancs de la cit\u00e9. \u00a0Cette rencontre se fera entre des \u00e9quipes de jeunes de quartier et diff\u00e9rents intervenants du monde professionnel. Nous pouvons compter sur les \u00e9quipes de la police, la TEC Charleroi, le Fedasil, Tibi, la Sambrienne, IPSMA, une \u00e9quipe de sans-abri,&#8230; Notre souhait est d\u2019am\u00e9liorer le dialogue entre la jeunesse et les diff\u00e9rents interlocuteurs de la ville, permettre \u00e0 ceux-ci de&#8230;<\/p>\n","protected":false},"author":1,"featured_media":0,"parent":747,"menu_order":0,"comment_status":"closed","ping_status":"closed","template":"","meta":{"_exactmetrics_skip_tracking":false,"_exactmetrics_sitenote_active":false,"_exactmetrics_sitenote_note":"","_exactmetrics_sitenote_category":0,"footnotes":""},"class_list":["post-954","page","type-page","status-publish","hentry"],"_links":{"self":[{"href":"http:\/\/formidable-asbl.com\/index.php\/wp-json\/wp\/v2\/pages\/954","targetHints":{"allow":["GET"]}}],"collection":[{"href":"http:\/\/formidable-asbl.com\/index.php\/wp-json\/wp\/v2\/pages"}],"about":[{"href":"http:\/\/formidable-asbl.com\/index.php\/wp-json\/wp\/v2\/types\/page"}],"author":[{"embeddable":true,"href":"http:\/\/formidable-asbl.com\/index.php\/wp-json\/wp\/v2\/users\/1"}],"replies":[{"embeddable":true,"href":"http:\/\/formidable-asbl.com\/index.php\/wp-json\/wp\/v2\/comments?post=954"}],"version-history":[{"count":10,"href":"http:\/\/formidable-asbl.com\/index.php\/wp-json\/wp\/v2\/pages\/954\/revisions"}],"predecessor-version":[{"id":1141,"href":"http:\/\/formidable-asbl.com\/index.php\/wp-json\/wp\/v2\/pages\/954\/revisions\/1141"}],"up":[{"embeddable":true,"href":"http:\/\/formidable-asbl.com\/index.php\/wp-json\/wp\/v2\/pages\/747"}],"wp:attachment":[{"href":"http:\/\/formidable-asbl.com\/index.php\/wp-json\/wp\/v2\/media?parent=954"}],"curies":[{"name":"wp","href":"https:\/\/api.w.org\/{rel}","templated":true}]}}