{"id":767,"date":"2020-12-15T19:54:47","date_gmt":"2020-12-15T18:54:47","guid":{"rendered":"http:\/\/formidable-asbl.com\/?page_id=767"},"modified":"2022-08-28T14:11:35","modified_gmt":"2022-08-28T12:11:35","slug":"douche-mobile","status":"publish","type":"page","link":"http:\/\/formidable-asbl.com\/index.php\/nos-projets\/douche-mobile\/","title":{"rendered":"Douche mobile"},"content":{"rendered":"<h2><\/h2>\r\n<p>&nbsp;<\/p>\r\n<h2><\/h2>\r\n<h1><span style=\"color: #008bc8;\">LE PROJET DOUCHE MOBILE<\/span><\/h1>\r\n<p>&nbsp;<\/p>\r\n<p style=\"text-align: left;\"><img loading=\"lazy\" decoding=\"async\" class=\"wp-image-1174 aligncenter\" title=\"Douche Mobile Formidable\" src=\"http:\/\/formidable-asbl.com\/wp-content\/uploads\/2021\/06\/1622547697729-1024x683.jpg\" alt=\"\" width=\"540\" height=\"360\" srcset=\"http:\/\/formidable-asbl.com\/wp-content\/uploads\/2021\/06\/1622547697729-1024x683.jpg 1024w, http:\/\/formidable-asbl.com\/wp-content\/uploads\/2021\/06\/1622547697729-300x200.jpg 300w, http:\/\/formidable-asbl.com\/wp-content\/uploads\/2021\/06\/1622547697729-768x512.jpg 768w, http:\/\/formidable-asbl.com\/wp-content\/uploads\/2021\/06\/1622547697729-1536x1024.jpg 1536w, http:\/\/formidable-asbl.com\/wp-content\/uploads\/2021\/06\/1622547697729-375x250.jpg 375w, http:\/\/formidable-asbl.com\/wp-content\/uploads\/2021\/06\/1622547697729-233x156.jpg 233w, http:\/\/formidable-asbl.com\/wp-content\/uploads\/2021\/06\/1622547697729-380x252.jpg 380w, http:\/\/formidable-asbl.com\/wp-content\/uploads\/2021\/06\/1622547697729.jpg 1600w\" sizes=\"auto, (max-width: 540px) 100vw, 540px\" \/><\/p>\r\n<p>&nbsp;<\/p>\r\n<p style=\"text-align: left;\">Apr\u00e8s la Wash Mobile, la buanderie ambulante qui lave en rue les v\u00eatements des sdfs, l\u2019ASBL Formidable lance une douche ambulante.<\/p>\r\n<p style=\"text-align: left;\">Les sans-abris qui en b\u00e9n\u00e9ficient peuvent ainsi se laver pendant que leurs v\u00eatements tournent dans les machines.<\/p>\r\n<p>Le but du projet est de capter des gens de la rue qui ne fr\u00e9quentent pas sp\u00e9cialement les structures existantes.<\/p>\r\n<p>Faysal Abarkan: \u00a0\u00bb Il faut une demi-heure pour laver les v\u00eatements, et une demi-heure pour les s\u00e9cher. La douche dure 15 minutes, et apr\u00e8s on partage une tasse de caf\u00e9 avec le b\u00e9n\u00e9ficiaire et on discute tranquillement avec lui. \u00ab\u00a0<\/p>\r\n<p>Un moment qui permet aux sdfs de retrouver une image positive et de la dignit\u00e9.<\/p>\r\n<p>La douche mobile et la buanderie ambulante seront pr\u00e9sentes \u00e0 partir du 15\/06\/2021 sur <a href=\"https:\/\/goo.gl\/maps\/62mG3eDeiK1BG82w5\">la Place du Nord<\/a> tous les mercredis de 13 \u00e0 17 heures.<\/p>\r\n<p>&nbsp;<\/p>\r\n<p>&nbsp;<\/p>\r\n<h2><span style=\"color: #008bc8;\">L\u2019ORIGINE DU CONCEPT<\/span><\/h2>\r\n<p><em>\u00a0<\/em><\/p>\r\n<p>Suite au succ\u00e8s de <strong><a href=\"http:\/\/formidable-asbl.com\/index.php\/wash-mobile\/\">la Wash-mobile<\/a>,<\/strong> une camionette \u00e9quip\u00e9e de deux machines \u00e0 laver et de deux s\u00e9choirs, nous voulions offrir un service complet aux personnes fragilis\u00e9es. <br \/>C\u2019est bien d\u2019avoir des v\u00eatements propres mais quand soi-m\u00eame on ne l\u2019est pas il y a comme un manque.<\/p>\r\n<p>Pour cette raison nous nous sommes lanc\u00e9s dans un nouveau projet, cr\u00e9er la douche mobile afin de r\u00e9pondre aux besoins des personnes les plus pr\u00e9caris\u00e9es.<\/p>\r\n<p>Laver les v\u00eatements prend 30 minutes, plus 40 minutes pour le s\u00e9chage, cela laisse 1h30 pour prendre une douche.<\/p>\r\n<p>Le syst\u00e8me de douche est am\u00e9nag\u00e9 dans une remorque qui se d\u00e9placera un peu partout en ville et permettra aux sans-abri de retrouver leur dignit\u00e9.<\/p>\r\n<p><img loading=\"lazy\" decoding=\"async\" class=\"aligncenter wp-image-506\" src=\"http:\/\/formidable-asbl.com\/wp-content\/uploads\/2020\/12\/2-300x169.jpg\" alt=\"\" width=\"500\" height=\"281\" srcset=\"http:\/\/formidable-asbl.com\/wp-content\/uploads\/2020\/12\/2-300x169.jpg 300w, http:\/\/formidable-asbl.com\/wp-content\/uploads\/2020\/12\/2-768x432.jpg 768w, http:\/\/formidable-asbl.com\/wp-content\/uploads\/2020\/12\/2.jpg 960w\" sizes=\"auto, (max-width: 500px) 100vw, 500px\" \/><\/p>\r\n<p>&nbsp;<\/p>\r\n<p>S\u2019il existe d\u00e9j\u00e0 des endroits o\u00f9 les personnes sans abri peuvent se laver, un point mobile reste un plus pour aller \u00e0 la rencontre des personnes peu \u00e0 l\u2019aise dans les diff\u00e9rents abris proposant un point douche.<\/p>\r\n<p>Nous pouvons ainsi offrir un moment de d\u00e9tente et de dignit\u00e9 \u00e0 des personnes qui n\u2019ont pas toujours le loisir de se poser tranquillement.<br \/>Une simple douche peut \u00eatre le point de d\u00e9part vers la r\u00e9insertion sociale.<\/p>\r\n<h2>\u00a0<\/h2>\r\n<h2>\u00a0<\/h2>\r\n<hr \/>\r\n<h2><span style=\"color: #008bc8;\">CONSISTANCE<\/span><\/h2>\r\n<p>II s\u2019agit d\u2019une remorque am\u00e9nag\u00e9e\u00a0correctement avec une douche, un lavabo et un petit vestiaire. Elle est \u00e9tanche et construite en deux parties avec local technique et une douche avec un espace pour se changer et un lavabo.<\/p>\r\n<p>Le but est de mettre en place des services d&rsquo;hygi\u00e8ne mobile \u00e0 destination des sans-abri, en proposant aux personnes sans abri et aux mal-log\u00e9s de prendre une douche, la douche mobile a pour vocation de permettre \u00e0 toute personne en difficult\u00e9 de rester propre.<\/p>\r\n<p>Ce projet\u00a0 permet au public\u00a0 cibl\u00e9 d\u2019obtenir\u00a0 un\u00a0 service gratuit dans\u00a0 le but d\u2019am\u00e9liorer son hygi\u00e8ne de vie et, par la m\u00eame occasion, <span style=\"color: #008bc8;\">l&rsquo;estime de soi.<\/span> \u00a0<\/p>\r\n<p>Un grand merci \u00e0 tous nos partenaires. En effet, 9.000 euros proviennent d&rsquo;un appel \u00e0 projet \u00e9manant de la Fondation Roi Baudouin, 3.000 euros du Lions Club Charleroi Porte de France et 3.000 euros de la Ville de Charleroi. Tout r\u00e9cemment, nous avons pu compter sur un autre don celui du Fonds Noria.\u00a0<\/p>\r\n<p>&nbsp;<\/p>\r\n<p><iframe loading=\"lazy\" style=\"border: none; overflow: hidden;\" src=\"https:\/\/www.facebook.com\/plugins\/post.php?href=https%3A%2F%2Fwww.facebook.com%2Fpermalink.php%3Fstory_fbid%3D2744363235650023%26id%3D486746108078425&amp;width=500&amp;show_text=true&amp;height=540&amp;appId\" width=\"500\" height=\"540\" frameborder=\"0\" scrolling=\"no\" allowfullscreen=\"allowfullscreen\"><\/iframe><\/p>\r\n<p>L&rsquo;am\u00e9nagement est confi\u00e9 \u00e0 \u00a0Diego, Halil et Jia-Hua \u00e9l\u00e8ves de <a title=\"ut\" href=\"https:\/\/www.etudierenhainaut.be\/iets-charleroi\/pages\/2326-monteur-installateur-sanitaire-chauffage-iets-2.html\">7\u00e8me ann\u00e9e installateur en chauffage central de l&rsquo;UT<\/a>, sous la supervision de\u00a0Sid-Ali Bendenia, professeur de pratiques professionnelles.<\/p>\r\n<p><img loading=\"lazy\" decoding=\"async\" class=\"alignleft wp-image-511 size-large\" src=\"http:\/\/formidable-asbl.com\/wp-content\/uploads\/2020\/12\/7-1024x659.jpg\" alt=\"\" width=\"640\" height=\"412\" srcset=\"http:\/\/formidable-asbl.com\/wp-content\/uploads\/2020\/12\/7-1024x659.jpg 1024w, http:\/\/formidable-asbl.com\/wp-content\/uploads\/2020\/12\/7-300x193.jpg 300w, http:\/\/formidable-asbl.com\/wp-content\/uploads\/2020\/12\/7-768x494.jpg 768w, http:\/\/formidable-asbl.com\/wp-content\/uploads\/2020\/12\/7-1536x989.jpg 1536w, http:\/\/formidable-asbl.com\/wp-content\/uploads\/2020\/12\/7-2048x1318.jpg 2048w\" sizes=\"auto, (max-width: 640px) 100vw, 640px\" \/><\/p>\r\n<h2><\/h2>","protected":false},"excerpt":{"rendered":"<p>&nbsp; LE PROJET DOUCHE MOBILE &nbsp; &nbsp; Apr\u00e8s la Wash Mobile, la buanderie ambulante qui lave en rue les v\u00eatements des sdfs, l\u2019ASBL Formidable lance une douche ambulante. Les sans-abris qui en b\u00e9n\u00e9ficient peuvent ainsi se laver pendant que leurs v\u00eatements tournent dans les machines. Le but du projet est de capter des gens de la rue qui ne fr\u00e9quentent pas sp\u00e9cialement les structures existantes. Faysal Abarkan: \u00a0\u00bb Il faut une demi-heure pour laver les v\u00eatements, et une demi-heure pour les s\u00e9cher. La douche dure 15 minutes, et apr\u00e8s on partage une tasse de caf\u00e9 avec le b\u00e9n\u00e9ficiaire et on&#8230;<\/p>\n","protected":false},"author":1,"featured_media":0,"parent":763,"menu_order":0,"comment_status":"closed","ping_status":"closed","template":"","meta":{"_exactmetrics_skip_tracking":false,"_exactmetrics_sitenote_active":false,"_exactmetrics_sitenote_note":"","_exactmetrics_sitenote_category":0,"footnotes":""},"class_list":["post-767","page","type-page","status-publish","hentry"],"_links":{"self":[{"href":"http:\/\/formidable-asbl.com\/index.php\/wp-json\/wp\/v2\/pages\/767","targetHints":{"allow":["GET"]}}],"collection":[{"href":"http:\/\/formidable-asbl.com\/index.php\/wp-json\/wp\/v2\/pages"}],"about":[{"href":"http:\/\/formidable-asbl.com\/index.php\/wp-json\/wp\/v2\/types\/page"}],"author":[{"embeddable":true,"href":"http:\/\/formidable-asbl.com\/index.php\/wp-json\/wp\/v2\/users\/1"}],"replies":[{"embeddable":true,"href":"http:\/\/formidable-asbl.com\/index.php\/wp-json\/wp\/v2\/comments?post=767"}],"version-history":[{"count":16,"href":"http:\/\/formidable-asbl.com\/index.php\/wp-json\/wp\/v2\/pages\/767\/revisions"}],"predecessor-version":[{"id":1182,"href":"http:\/\/formidable-asbl.com\/index.php\/wp-json\/wp\/v2\/pages\/767\/revisions\/1182"}],"up":[{"embeddable":true,"href":"http:\/\/formidable-asbl.com\/index.php\/wp-json\/wp\/v2\/pages\/763"}],"wp:attachment":[{"href":"http:\/\/formidable-asbl.com\/index.php\/wp-json\/wp\/v2\/media?parent=767"}],"curies":[{"name":"wp","href":"https:\/\/api.w.org\/{rel}","templated":true}]}}