{"id":319,"date":"2020-12-15T20:21:34","date_gmt":"2020-12-15T19:21:34","guid":{"rendered":"http:\/\/formidable-asbl.com\/?page_id=319"},"modified":"2022-08-28T14:13:46","modified_gmt":"2022-08-28T12:13:46","slug":"formidable-kids","status":"publish","type":"page","link":"http:\/\/formidable-asbl.com\/index.php\/nos-actions\/formidable-kids\/","title":{"rendered":"Formidable kids"},"content":{"rendered":"<h1>Formidable kids<\/h1>\n<div class=\"news-list\">\n<div class=\"news-item\">\n<div class=\"news-image\"><img loading=\"lazy\" decoding=\"async\" class=\"alignleft wp-image-785 size-medium\" src=\"http:\/\/formidable-asbl.com\/wp-content\/uploads\/2020\/12\/actionFormiKids-1-212x300.jpg\" alt=\"Chasse aux oeufs Formidable\" width=\"212\" height=\"300\" srcset=\"http:\/\/formidable-asbl.com\/wp-content\/uploads\/2020\/12\/actionFormiKids-1-212x300.jpg 212w, http:\/\/formidable-asbl.com\/wp-content\/uploads\/2020\/12\/actionFormiKids-1.jpg 678w\" sizes=\"auto, (max-width: 212px) 100vw, 212px\" \/><\/div>\n<div class=\"news-info\">\n<p class=\"news-info\">Chaque ann\u00e9e l&rsquo;\u00e9quipe Formidable organise une journ\u00e9e \u00ab\u00a0FormiKids\u00a0\u00bb avec une chasse aux \u0153ufs gratuite pour les enfants.<\/p>\n<\/div>\n<\/div>\n<div class=\"news-item\">\n<div class=\"news-image\"><img loading=\"lazy\" decoding=\"async\" class=\"alignleft wp-image-610 size-medium\" src=\"http:\/\/formidable-asbl.com\/wp-content\/uploads\/2020\/12\/Paquesau53residentduhome-la-tramontane-300x262.jpg\" alt=\"\" width=\"300\" height=\"262\" srcset=\"http:\/\/formidable-asbl.com\/wp-content\/uploads\/2020\/12\/Paquesau53residentduhome-la-tramontane-300x262.jpg 300w, http:\/\/formidable-asbl.com\/wp-content\/uploads\/2020\/12\/Paquesau53residentduhome-la-tramontane-1024x894.jpg 1024w, http:\/\/formidable-asbl.com\/wp-content\/uploads\/2020\/12\/Paquesau53residentduhome-la-tramontane-768x670.jpg 768w, http:\/\/formidable-asbl.com\/wp-content\/uploads\/2020\/12\/Paquesau53residentduhome-la-tramontane.jpg 1440w\" sizes=\"auto, (max-width: 300px) 100vw, 300px\" \/><\/div>\n<div class=\"news-info\">\n<p class=\"news-info\">Cette ann\u00e9e 2020 suite \u00e0 la pand\u00e9mie, nous avons d\u00e9cid\u00e9 de l&rsquo;annuler et d&rsquo;offrir un paquet \u00e0 chacun des 53 r\u00e9sidents du home \u00ab\u00a0La Tramontane\u00a0\u00bb de Marcinelle.<\/p>\n<\/div>\n<\/div>\n<\/div>\n<p>Gr\u00e2ce \u00e0 vous, nous pourrons donner un peu de joie \u00e0 nos a\u00een\u00e9s confin\u00e9s depuis le 13 mars.<\/p>\n<p><iframe loading=\"lazy\" style=\"border: none; overflow: hidden;\" src=\"https:\/\/www.facebook.com\/plugins\/post.php?href=https%3A%2F%2Fwww.facebook.com%2Fpermalink.php%3Fstory_fbid%3D2871310572955288%26id%3D486746108078425&amp;width=500&amp;show_text=true&amp;height=688&amp;appId\" width=\"500\" height=\"688\" frameborder=\"0\" scrolling=\"no\" allowfullscreen=\"allowfullscreen\"><\/iframe><\/p>\n","protected":false},"excerpt":{"rendered":"<p>Formidable kids Chaque ann\u00e9e l&rsquo;\u00e9quipe Formidable organise une journ\u00e9e \u00ab\u00a0FormiKids\u00a0\u00bb avec une chasse aux \u0153ufs gratuite pour les enfants. Cette ann\u00e9e 2020 suite \u00e0 la pand\u00e9mie, nous avons d\u00e9cid\u00e9 de l&rsquo;annuler et d&rsquo;offrir un paquet \u00e0 chacun des 53 r\u00e9sidents du home \u00ab\u00a0La Tramontane\u00a0\u00bb de Marcinelle. Gr\u00e2ce \u00e0 vous, nous pourrons donner un peu de joie \u00e0 nos a\u00een\u00e9s confin\u00e9s depuis le 13 mars.<\/p>\n","protected":false},"author":1,"featured_media":0,"parent":747,"menu_order":0,"comment_status":"closed","ping_status":"closed","template":"","meta":{"_exactmetrics_skip_tracking":false,"_exactmetrics_sitenote_active":false,"_exactmetrics_sitenote_note":"","_exactmetrics_sitenote_category":0,"footnotes":""},"class_list":["post-319","page","type-page","status-publish","hentry"],"_links":{"self":[{"href":"http:\/\/formidable-asbl.com\/index.php\/wp-json\/wp\/v2\/pages\/319","targetHints":{"allow":["GET"]}}],"collection":[{"href":"http:\/\/formidable-asbl.com\/index.php\/wp-json\/wp\/v2\/pages"}],"about":[{"href":"http:\/\/formidable-asbl.com\/index.php\/wp-json\/wp\/v2\/types\/page"}],"author":[{"embeddable":true,"href":"http:\/\/formidable-asbl.com\/index.php\/wp-json\/wp\/v2\/users\/1"}],"replies":[{"embeddable":true,"href":"http:\/\/formidable-asbl.com\/index.php\/wp-json\/wp\/v2\/comments?post=319"}],"version-history":[{"count":7,"href":"http:\/\/formidable-asbl.com\/index.php\/wp-json\/wp\/v2\/pages\/319\/revisions"}],"predecessor-version":[{"id":1126,"href":"http:\/\/formidable-asbl.com\/index.php\/wp-json\/wp\/v2\/pages\/319\/revisions\/1126"}],"up":[{"embeddable":true,"href":"http:\/\/formidable-asbl.com\/index.php\/wp-json\/wp\/v2\/pages\/747"}],"wp:attachment":[{"href":"http:\/\/formidable-asbl.com\/index.php\/wp-json\/wp\/v2\/media?parent=319"}],"curies":[{"name":"wp","href":"https:\/\/api.w.org\/{rel}","templated":true}]}}