{"id":299,"date":"2018-03-23T19:50:20","date_gmt":"2018-03-23T18:50:20","guid":{"rendered":"http:\/\/formidable-asbl.com\/?page_id=299"},"modified":"2022-08-28T14:13:19","modified_gmt":"2022-08-28T12:13:19","slug":"operation-relooking","status":"publish","type":"page","link":"http:\/\/formidable-asbl.com\/index.php\/nos-actions\/operation-relooking\/","title":{"rendered":"Op\u00e9ration relooking"},"content":{"rendered":"<h3>Op\u00e9ration Relooking<\/h3>\n<p>&nbsp;<\/p>\n<p>&nbsp;<\/p>\n<div class=\"news-list\">\n<div class=\"news-item\">\n<div class=\"news-image\"><img loading=\"lazy\" decoding=\"async\" class=\"alignnone wp-image-316 size-medium\" src=\"http:\/\/formidable-asbl.com\/wp-content\/uploads\/2018\/03\/Relloking-300x111.png\" alt=\"\" width=\"300\" height=\"111\" srcset=\"http:\/\/formidable-asbl.com\/wp-content\/uploads\/2018\/03\/Relloking-300x111.png 300w, http:\/\/formidable-asbl.com\/wp-content\/uploads\/2018\/03\/Relloking-768x284.png 768w, http:\/\/formidable-asbl.com\/wp-content\/uploads\/2018\/03\/Relloking-500x185.png 500w, http:\/\/formidable-asbl.com\/wp-content\/uploads\/2018\/03\/Relloking.png 851w\" sizes=\"auto, (max-width: 300px) 100vw, 300px\" \/><\/div>\n<div class=\"news-info\">\n<p class=\"news-info\">L&rsquo;ASBL Formidable organise depuis 2015 des journ\u00e9es relooking 100% gratuite\u00a0 pour les plus d\u00e9munis.<\/p>\n<\/div>\n<\/div>\n<div class=\"news-item\">\n<div class=\"news-image\"><img loading=\"lazy\" decoding=\"async\" class=\"alignnone wp-image-304 size-medium\" src=\"http:\/\/formidable-asbl.com\/wp-content\/uploads\/2018\/03\/IMG_1100-300x225.jpg\" alt=\"\" width=\"300\" height=\"225\" srcset=\"http:\/\/formidable-asbl.com\/wp-content\/uploads\/2018\/03\/IMG_1100-300x225.jpg 300w, http:\/\/formidable-asbl.com\/wp-content\/uploads\/2018\/03\/IMG_1100-768x576.jpg 768w, http:\/\/formidable-asbl.com\/wp-content\/uploads\/2018\/03\/IMG_1100-1024x768.jpg 1024w, http:\/\/formidable-asbl.com\/wp-content\/uploads\/2018\/03\/IMG_1100-500x375.jpg 500w\" sizes=\"auto, (max-width: 300px) 100vw, 300px\" \/><\/div>\n<div class=\"news-info\">\n<p class=\"news-info\">Des professionnels de la beaut\u00e9 sont pr\u00e9sents pour offrir un merveilleux moment d\u00e9tente avant les f\u00eates, coiffeurs, esth\u00e9ticiennes, maquilleuses&#8230; Tous r\u00e9pondent pr\u00e9sents afin d&rsquo;offrir leurs services&#8230;<\/p>\n<\/div>\n<\/div>\n<\/div>\n<p>&nbsp;<\/p>\n<p>Une action men\u00e9e pour remettre un peu de baume aux c\u0153urs \u00e0 l\u2019approche des f\u00eates de fin d\u2019ann\u00e9e.<\/p>\n<p><iframe loading=\"lazy\" style=\"border: none; overflow: hidden;\" src=\"https:\/\/www.facebook.com\/plugins\/post.php?href=https%3A%2F%2Fwww.facebook.com%2F486746108078425%2Fphotos%2Fa.1217469425006086%2F1217471335005895%2F&amp;width=500&amp;show_text=true&amp;height=333&amp;appId\" width=\"500\" height=\"333\" frameborder=\"0\" scrolling=\"no\" allowfullscreen=\"allowfullscreen\"><\/iframe><\/p>\n","protected":false},"excerpt":{"rendered":"<p>Op\u00e9ration Relooking &nbsp; &nbsp; L&rsquo;ASBL Formidable organise depuis 2015 des journ\u00e9es relooking 100% gratuite\u00a0 pour les plus d\u00e9munis. Des professionnels de la beaut\u00e9 sont pr\u00e9sents pour offrir un merveilleux moment d\u00e9tente avant les f\u00eates, coiffeurs, esth\u00e9ticiennes, maquilleuses&#8230; Tous r\u00e9pondent pr\u00e9sents afin d&rsquo;offrir leurs services&#8230; &nbsp; Une action men\u00e9e pour remettre un peu de baume aux c\u0153urs \u00e0 l\u2019approche des f\u00eates de fin d\u2019ann\u00e9e.<\/p>\n","protected":false},"author":1,"featured_media":0,"parent":747,"menu_order":0,"comment_status":"closed","ping_status":"closed","template":"","meta":{"_exactmetrics_skip_tracking":false,"_exactmetrics_sitenote_active":false,"_exactmetrics_sitenote_note":"","_exactmetrics_sitenote_category":0,"footnotes":""},"class_list":["post-299","page","type-page","status-publish","hentry"],"_links":{"self":[{"href":"http:\/\/formidable-asbl.com\/index.php\/wp-json\/wp\/v2\/pages\/299","targetHints":{"allow":["GET"]}}],"collection":[{"href":"http:\/\/formidable-asbl.com\/index.php\/wp-json\/wp\/v2\/pages"}],"about":[{"href":"http:\/\/formidable-asbl.com\/index.php\/wp-json\/wp\/v2\/types\/page"}],"author":[{"embeddable":true,"href":"http:\/\/formidable-asbl.com\/index.php\/wp-json\/wp\/v2\/users\/1"}],"replies":[{"embeddable":true,"href":"http:\/\/formidable-asbl.com\/index.php\/wp-json\/wp\/v2\/comments?post=299"}],"version-history":[{"count":5,"href":"http:\/\/formidable-asbl.com\/index.php\/wp-json\/wp\/v2\/pages\/299\/revisions"}],"predecessor-version":[{"id":942,"href":"http:\/\/formidable-asbl.com\/index.php\/wp-json\/wp\/v2\/pages\/299\/revisions\/942"}],"up":[{"embeddable":true,"href":"http:\/\/formidable-asbl.com\/index.php\/wp-json\/wp\/v2\/pages\/747"}],"wp:attachment":[{"href":"http:\/\/formidable-asbl.com\/index.php\/wp-json\/wp\/v2\/media?parent=299"}],"curies":[{"name":"wp","href":"https:\/\/api.w.org\/{rel}","templated":true}]}}