{"id":297,"date":"2018-03-23T18:56:07","date_gmt":"2018-03-23T17:56:07","guid":{"rendered":"http:\/\/formidable-asbl.com\/?page_id=297"},"modified":"2022-08-28T14:13:32","modified_gmt":"2022-08-28T12:13:32","slug":"operation-caddie","status":"publish","type":"page","link":"http:\/\/formidable-asbl.com\/index.php\/nos-actions\/operation-caddie\/","title":{"rendered":"Op\u00e9ration caddie"},"content":{"rendered":"<h1 style=\"text-align: left;\">Op\u00e9ration caddie<\/h1>\n<div class=\"news-list\">\n<div class=\"news-item\">\n<div class=\"news-image\"><img loading=\"lazy\" decoding=\"async\" class=\"alignnone wp-image-782 \" src=\"http:\/\/formidable-asbl.com\/wp-content\/uploads\/2020\/12\/actionCaddie2-496x1024.jpg\" alt=\"\" width=\"162\" height=\"334\" srcset=\"http:\/\/formidable-asbl.com\/wp-content\/uploads\/2020\/12\/actionCaddie2-496x1024.jpg 496w, http:\/\/formidable-asbl.com\/wp-content\/uploads\/2020\/12\/actionCaddie2-145x300.jpg 145w, http:\/\/formidable-asbl.com\/wp-content\/uploads\/2020\/12\/actionCaddie2.jpg 640w\" sizes=\"auto, (max-width: 162px) 100vw, 162px\" \/><\/div>\n<div class=\"news-info\">\n<p class=\"news-info\">Depuis 2016 l&rsquo;ASBL FORMIDABLE r\u00e9alise des op\u00e9rations caddie dans les supermarch\u00e9s afin de r\u00e9colter des produits non p\u00e9rissables.<\/p>\n<\/div>\n<\/div>\n<div class=\"news-item\">\n<div class=\"news-image\"><img loading=\"lazy\" decoding=\"async\" class=\"alignnone wp-image-777 \" src=\"http:\/\/formidable-asbl.com\/wp-content\/uploads\/2020\/12\/operationCaddie-1024x681.jpg\" alt=\"operation caddie\" width=\"401\" height=\"266\" srcset=\"http:\/\/formidable-asbl.com\/wp-content\/uploads\/2020\/12\/operationCaddie-1024x681.jpg 1024w, http:\/\/formidable-asbl.com\/wp-content\/uploads\/2020\/12\/operationCaddie-300x199.jpg 300w, http:\/\/formidable-asbl.com\/wp-content\/uploads\/2020\/12\/operationCaddie-768x510.jpg 768w, http:\/\/formidable-asbl.com\/wp-content\/uploads\/2020\/12\/operationCaddie-375x250.jpg 375w, http:\/\/formidable-asbl.com\/wp-content\/uploads\/2020\/12\/operationCaddie-233x156.jpg 233w, http:\/\/formidable-asbl.com\/wp-content\/uploads\/2020\/12\/operationCaddie-380x252.jpg 380w, http:\/\/formidable-asbl.com\/wp-content\/uploads\/2020\/12\/operationCaddie-510x338.jpg 510w, http:\/\/formidable-asbl.com\/wp-content\/uploads\/2020\/12\/operationCaddie.jpg 1440w\" sizes=\"auto, (max-width: 401px) 100vw, 401px\" \/><\/div>\n<div class=\"news-info\">\n<p class=\"news-info\">Nous savons que tout le monde vit une p\u00e9riode difficile, nous avons donc cette ann\u00e9e 2020, en partenariat avec le Sporting de Charleroi fait un appel aux dons alimentaires dans le but de faire des colis \u00e0 distribuer.<\/p>\n<\/div>\n<\/div>\n<div class=\"news-item\"><iframe loading=\"lazy\" style=\"border: none; overflow: hidden;\" src=\"https:\/\/www.facebook.com\/plugins\/post.php?href=https%3A%2F%2Fwww.facebook.com%2Fpermalink.php%3Fstory_fbid%3D3542827995803539%26id%3D486746108078425&amp;width=500&amp;show_text=true&amp;height=434&amp;appId\" width=\"500\" height=\"434\" frameborder=\"0\" scrolling=\"no\" allowfullscreen=\"allowfullscreen\"><\/iframe><\/div>\n<\/div>\n","protected":false},"excerpt":{"rendered":"<p>Op\u00e9ration caddie Depuis 2016 l&rsquo;ASBL FORMIDABLE r\u00e9alise des op\u00e9rations caddie dans les supermarch\u00e9s afin de r\u00e9colter des produits non p\u00e9rissables. Nous savons que tout le monde vit une p\u00e9riode difficile, nous avons donc cette ann\u00e9e 2020, en partenariat avec le Sporting de Charleroi fait un appel aux dons alimentaires dans le but de faire des colis \u00e0 distribuer.<\/p>\n","protected":false},"author":1,"featured_media":0,"parent":747,"menu_order":0,"comment_status":"closed","ping_status":"closed","template":"","meta":{"_exactmetrics_skip_tracking":false,"_exactmetrics_sitenote_active":false,"_exactmetrics_sitenote_note":"","_exactmetrics_sitenote_category":0,"footnotes":""},"class_list":["post-297","page","type-page","status-publish","hentry"],"_links":{"self":[{"href":"http:\/\/formidable-asbl.com\/index.php\/wp-json\/wp\/v2\/pages\/297","targetHints":{"allow":["GET"]}}],"collection":[{"href":"http:\/\/formidable-asbl.com\/index.php\/wp-json\/wp\/v2\/pages"}],"about":[{"href":"http:\/\/formidable-asbl.com\/index.php\/wp-json\/wp\/v2\/types\/page"}],"author":[{"embeddable":true,"href":"http:\/\/formidable-asbl.com\/index.php\/wp-json\/wp\/v2\/users\/1"}],"replies":[{"embeddable":true,"href":"http:\/\/formidable-asbl.com\/index.php\/wp-json\/wp\/v2\/comments?post=297"}],"version-history":[{"count":16,"href":"http:\/\/formidable-asbl.com\/index.php\/wp-json\/wp\/v2\/pages\/297\/revisions"}],"predecessor-version":[{"id":1143,"href":"http:\/\/formidable-asbl.com\/index.php\/wp-json\/wp\/v2\/pages\/297\/revisions\/1143"}],"up":[{"embeddable":true,"href":"http:\/\/formidable-asbl.com\/index.php\/wp-json\/wp\/v2\/pages\/747"}],"wp:attachment":[{"href":"http:\/\/formidable-asbl.com\/index.php\/wp-json\/wp\/v2\/media?parent=297"}],"curies":[{"name":"wp","href":"https:\/\/api.w.org\/{rel}","templated":true}]}}