{"id":168,"date":"2017-12-31T20:19:12","date_gmt":"2017-12-31T19:19:12","guid":{"rendered":"http:\/\/formidable-asbl.com\/?page_id=168"},"modified":"2022-06-26T21:41:40","modified_gmt":"2022-06-26T19:41:40","slug":"qui-sommes-nous","status":"publish","type":"page","link":"http:\/\/formidable-asbl.com\/index.php\/qui-sommes-nous\/","title":{"rendered":"Qui sommes nous ?"},"content":{"rendered":"<h3>Formidable ASBL<\/h3>\n<p>Tout d&rsquo;abord, permettez moi de me pr\u00e9senter:<\/p>\n<p>Je suis un b\u00e9n\u00e9vole qui a d\u00e9j\u00e0 r\u00e9alis\u00e9 avec l&rsquo;aide de mon \u00e9quipe diff\u00e9rents \u00e9v\u00e9nements uniquement \u00e0 but non lucratif pour des personnes pr\u00e9caires et des sans-abris.<br \/>\nNous\u00a0tentons \u00e9galement de d\u00e9velopper\u00a0des activit\u00e9s sportives encadr\u00e9es par nos soins pour les jeunes issus de quartiers\u00a0d\u00e9favoris\u00e9s.<\/p>\n<p>En 2013, lors de l\u2019\u00e9lection du Carolo de l\u2019ann\u00e9e, nous avons \u00e9t\u00e9 \u00e9lu dans la cat\u00e9gorie \u00ab\u00a0soci\u00e9t\u00e9\u00a0\u00bb.<\/p>\n<p>Nous avons form\u00e9 l&rsquo;ASBL FORMIDABLE, qui compte actuellement 120 membres et parmi eux des b\u00e9n\u00e9voles et des jeunes, habitants la r\u00e9gion de Charleroi, participants \u00e0 diff\u00e9rentes activit\u00e9s comme des championnats,\u00a0\u00a0tournois,&#8230;<\/p>\n<p>Mais ce n&rsquo;est pas tout!<\/p>\n<p>Durant l&rsquo;ann\u00e9e,\u00a0\u00a0nous organisons \u00e9galement des collectes de v\u00eatements et de denr\u00e9es alimentaires,\u00a0\u00a0nous aidons ces personnes afin qu&rsquo;ils sortent de la pr\u00e9carit\u00e9 et qu&rsquo;ils retrouvent une vie sereine.<br \/>\n<iframe loading=\"lazy\" src=\"https:\/\/www.youtube.com\/embed\/mHsVnYCjGq4\" width=\"560\" height=\"315\" frameborder=\"1\" allowfullscreen=\"allowfullscreen\"><\/iframe><\/p>\n<p>Vous pourrez constater que nous mettons beaucoup d&rsquo;\u00e9v\u00e9nements et de projets en \u0153uvre afin de r\u00e9colter un maximum de fonds pour aider le plus de gens possible et cela est la priorit\u00e9 principale de notre ASBL FORMIDABLE.<\/p>\n<p>Faysal Abarkan<\/p>\n<p>&nbsp;<\/p>\n<div class=\"ap_call_to_action clearfix center\"><div class=\"ap_call_to_action_content\"><\/div><a href=\"http:\/\/formidable-asbl.com\/index.php\/lequipe-formidable\/\" class=\"ap_call_to_action_button\"> &gt; L'\u00e9quipe de b\u00e9n\u00e9voles<\/a><\/div>\n<p>&nbsp;<\/p>\n<p><img decoding=\"async\" class=\"alignleft size-full wp-image-172\" src=\"http:\/\/formidable-asbl.com\/wp-content\/uploads\/2017\/12\/\u00e9quipe.jpg\" alt=\"\" width=\"100%\" height=\"100%\" srcset=\"http:\/\/formidable-asbl.com\/wp-content\/uploads\/2017\/12\/\u00e9quipe.jpg 3147w, http:\/\/formidable-asbl.com\/wp-content\/uploads\/2017\/12\/\u00e9quipe-300x127.jpg 300w, http:\/\/formidable-asbl.com\/wp-content\/uploads\/2017\/12\/\u00e9quipe-768x325.jpg 768w, http:\/\/formidable-asbl.com\/wp-content\/uploads\/2017\/12\/\u00e9quipe-1024x433.jpg 1024w\" sizes=\"(max-width: 3147px) 100vw, 3147px\" \/><\/p>\n<p>&nbsp;<\/p>\n<p>&nbsp;<\/p>\n<div class=\"ap_call_to_action clearfix center\"><div class=\"ap_call_to_action_content\"><\/div><a href=\"\/index.php\/nos-projets\/\" class=\"ap_call_to_action_button\"> &gt;  Nos projets<\/a><\/div>\n","protected":false},"excerpt":{"rendered":"<p>Formidable ASBL Tout d&rsquo;abord, permettez moi de me pr\u00e9senter: Je suis un b\u00e9n\u00e9vole qui a d\u00e9j\u00e0 r\u00e9alis\u00e9 avec l&rsquo;aide de mon \u00e9quipe diff\u00e9rents \u00e9v\u00e9nements uniquement \u00e0 but non lucratif pour des personnes pr\u00e9caires et des sans-abris. Nous\u00a0tentons \u00e9galement de d\u00e9velopper\u00a0des activit\u00e9s sportives encadr\u00e9es par nos soins pour les jeunes issus de quartiers\u00a0d\u00e9favoris\u00e9s. En 2013, lors de l\u2019\u00e9lection du Carolo de l\u2019ann\u00e9e, nous avons \u00e9t\u00e9 \u00e9lu dans la cat\u00e9gorie \u00ab\u00a0soci\u00e9t\u00e9\u00a0\u00bb. Nous avons form\u00e9 l&rsquo;ASBL FORMIDABLE, qui compte actuellement 120 membres et parmi eux des b\u00e9n\u00e9voles et des jeunes, habitants la r\u00e9gion de Charleroi, participants \u00e0 diff\u00e9rentes activit\u00e9s comme des championnats,\u00a0\u00a0tournois,&#8230; Mais&#8230;<\/p>\n","protected":false},"author":1,"featured_media":0,"parent":0,"menu_order":0,"comment_status":"closed","ping_status":"closed","template":"","meta":{"_exactmetrics_skip_tracking":false,"_exactmetrics_sitenote_active":false,"_exactmetrics_sitenote_note":"","_exactmetrics_sitenote_category":0,"footnotes":""},"class_list":["post-168","page","type-page","status-publish","hentry"],"_links":{"self":[{"href":"http:\/\/formidable-asbl.com\/index.php\/wp-json\/wp\/v2\/pages\/168","targetHints":{"allow":["GET"]}}],"collection":[{"href":"http:\/\/formidable-asbl.com\/index.php\/wp-json\/wp\/v2\/pages"}],"about":[{"href":"http:\/\/formidable-asbl.com\/index.php\/wp-json\/wp\/v2\/types\/page"}],"author":[{"embeddable":true,"href":"http:\/\/formidable-asbl.com\/index.php\/wp-json\/wp\/v2\/users\/1"}],"replies":[{"embeddable":true,"href":"http:\/\/formidable-asbl.com\/index.php\/wp-json\/wp\/v2\/comments?post=168"}],"version-history":[{"count":22,"href":"http:\/\/formidable-asbl.com\/index.php\/wp-json\/wp\/v2\/pages\/168\/revisions"}],"predecessor-version":[{"id":1241,"href":"http:\/\/formidable-asbl.com\/index.php\/wp-json\/wp\/v2\/pages\/168\/revisions\/1241"}],"wp:attachment":[{"href":"http:\/\/formidable-asbl.com\/index.php\/wp-json\/wp\/v2\/media?parent=168"}],"curies":[{"name":"wp","href":"https:\/\/api.w.org\/{rel}","templated":true}]}}