{"id":143,"date":"2017-12-31T22:00:34","date_gmt":"2017-12-31T21:00:34","guid":{"rendered":"http:\/\/formidable-asbl.com\/?page_id=143"},"modified":"2025-05-29T21:08:09","modified_gmt":"2025-05-29T19:08:09","slug":"jardin-partage","status":"publish","type":"page","link":"http:\/\/formidable-asbl.com\/index.php\/nos-projets\/jardin-partage\/","title":{"rendered":"Le Jardin partag\u00e9 \u00e0 la Cit\u00e9 Parc \u00e0 Marcinelle"},"content":{"rendered":"<h2 style=\"text-align: center;\">Le Jardin partag\u00e9 \u00e0 la Cit\u00e9 Parc \u00e0 Marcinelle<\/h2>\n<p>&nbsp;<\/p>\n<p>\u00abRam\u00e8ne ta fraise\u00bb, c\u2019est le nom du jardin partag\u00e9 de la Cit\u00e9 Parc, \u00e0 Marcinelle.<\/p>\n<p>&nbsp;<\/p>\n<p><img loading=\"lazy\" decoding=\"async\" class=\"wp-image-55 alignleft\" src=\"http:\/\/formidable-asbl.com\/wp-content\/uploads\/2017\/10\/magnette.jpg\" alt=\"\" width=\"402\" height=\"268\" srcset=\"http:\/\/formidable-asbl.com\/wp-content\/uploads\/2017\/10\/magnette.jpg 960w, http:\/\/formidable-asbl.com\/wp-content\/uploads\/2017\/10\/magnette-300x200.jpg 300w, http:\/\/formidable-asbl.com\/wp-content\/uploads\/2017\/10\/magnette-768x512.jpg 768w\" sizes=\"auto, (max-width: 402px) 100vw, 402px\" \/>Le projet social a\u00a0 remport\u00e9 l\u2019appel \u00e0 projets \u00abinitiative citoyenne\u00bb lanc\u00e9 par l\u2019\u00e9chevin de la Participation Serge Beghin. Con\u00e7u gr\u00e2ce \u00e0 la participation de jeunes du quartier, ce potager a pour objectif de dynamiser la cit\u00e9 et cr\u00e9er des moments de convivialit\u00e9 entre riverains.<\/p>\n<p>Dans le cadre d\u2019un appel \u00e0 projet \u00ab\u00a0Et\u00e9 solidaire\u00a0\u00bb, les Marcinellois ont pu profiter du travail de jobistes motiv\u00e9s.<\/p>\n<p>Ce jardin, c\u2019est une aubaine et une chance\u00a0 pour les jeunes. Il y a les techniques de jardinage bien s\u00fbr: comment semer, arroser, comment r\u00e9utiliser chaque d\u00e9chet, chaque tonte, \u2026 Et puis, on leur apprend \u00e0 surtout suivre leur intuition, \u00e0 aimer les plantes et \u00e0 les suivre!<\/p>\n<p>C\u2019est super important aussi de faire d\u00e9couvrir aux enfants d\u2019o\u00f9 vient la nourriture qu\u2019ils ont dans leur assiette, qu\u2019il y a du travail derri\u00e8re, mais que c\u2019est aussi tr\u00e8s beau. En multipliant les vari\u00e9t\u00e9s dans le jardin, on peut \u00e9galement leur faire d\u00e9couvrir de nouveaux ingr\u00e9dients qu\u2019ils n\u2019auraient jamais go\u00fbt\u00e9s autrement.\u00bb<\/p>\n<p>&nbsp;<\/p>\n<div class=\"shortcode-slider\"><div class=\"slider_wrap\"><p><div class=\"ap-slide\"><img decoding=\"async\" title=\"\" src=\"http:\/\/formidable-asbl.com\/wp-content\/uploads\/2020\/12\/Jardin5.jpg\"><\/div>\n<div class=\"ap-slide\"><img decoding=\"async\" title=\"\" src=\"http:\/\/formidable-asbl.com\/wp-content\/uploads\/2020\/12\/Jardin2.jpg\"><\/div>\n<div class=\"ap-slide\"><img decoding=\"async\" title=\"\" src=\"http:\/\/formidable-asbl.com\/wp-content\/uploads\/2020\/12\/Jardin4.jpg\"><\/div>\n<div class=\"ap-slide\"><img decoding=\"async\" title=\"\" src=\"http:\/\/formidable-asbl.com\/wp-content\/uploads\/2020\/12\/Jardin8.jpg\"><\/div>\n<div class=\"ap-slide\"><img decoding=\"async\" title=\"\" src=\"http:\/\/formidable-asbl.com\/wp-content\/uploads\/2020\/12\/Jardin6.jpg\"><\/div>\n<div class=\"ap-slide\"><img decoding=\"async\" title=\"\" src=\"http:\/\/formidable-asbl.com\/wp-content\/uploads\/2020\/12\/Jardin3.jpg\"><\/div>\n<div class=\"ap-slide\"><img decoding=\"async\" title=\"\" src=\"http:\/\/formidable-asbl.com\/wp-content\/uploads\/2020\/12\/Jardin.jpg\"><\/div>\n<div class=\"ap-slide\"><img decoding=\"async\" title=\"\" src=\"http:\/\/formidable-asbl.com\/wp-content\/uploads\/2020\/12\/Actionjardin.jpg\"><\/div>\n<div class=\"ap-slide\"><img decoding=\"async\" title=\"\" src=\"http:\/\/formidable-asbl.com\/wp-content\/uploads\/2020\/12\/actionJardin3-062018.jpg\"><\/div>\n<div class=\"ap-slide\"><img decoding=\"async\" title=\"\" src=\"http:\/\/formidable-asbl.com\/wp-content\/uploads\/2020\/12\/actionJardin2-062018.jpg\"><\/div>\n<div class=\"ap-slide\"><img decoding=\"async\" title=\"\" src=\"http:\/\/formidable-asbl.com\/wp-content\/uploads\/2020\/12\/actionJardin2-062018.jpg\"><\/div><\/div><\/div>\n","protected":false},"excerpt":{"rendered":"<p>Le Jardin partag\u00e9 \u00e0 la Cit\u00e9 Parc \u00e0 Marcinelle &nbsp; \u00abRam\u00e8ne ta fraise\u00bb, c\u2019est le nom du jardin partag\u00e9 de la Cit\u00e9 Parc, \u00e0 Marcinelle. &nbsp; Le projet social a\u00a0 remport\u00e9 l\u2019appel \u00e0 projets \u00abinitiative citoyenne\u00bb lanc\u00e9 par l\u2019\u00e9chevin de la Participation Serge Beghin. Con\u00e7u gr\u00e2ce \u00e0 la participation de jeunes du quartier, ce potager a pour objectif de dynamiser la cit\u00e9 et cr\u00e9er des moments de convivialit\u00e9 entre riverains. Dans le cadre d\u2019un appel \u00e0 projet \u00ab\u00a0Et\u00e9 solidaire\u00a0\u00bb, les Marcinellois ont pu profiter du travail de jobistes motiv\u00e9s. Ce jardin, c\u2019est une aubaine et une chance\u00a0 pour les jeunes&#8230;.<\/p>\n","protected":false},"author":1,"featured_media":1501,"parent":763,"menu_order":0,"comment_status":"closed","ping_status":"closed","template":"","meta":{"_exactmetrics_skip_tracking":false,"_exactmetrics_sitenote_active":false,"_exactmetrics_sitenote_note":"","_exactmetrics_sitenote_category":0,"footnotes":""},"class_list":["post-143","page","type-page","status-publish","has-post-thumbnail","hentry"],"_links":{"self":[{"href":"http:\/\/formidable-asbl.com\/index.php\/wp-json\/wp\/v2\/pages\/143","targetHints":{"allow":["GET"]}}],"collection":[{"href":"http:\/\/formidable-asbl.com\/index.php\/wp-json\/wp\/v2\/pages"}],"about":[{"href":"http:\/\/formidable-asbl.com\/index.php\/wp-json\/wp\/v2\/types\/page"}],"author":[{"embeddable":true,"href":"http:\/\/formidable-asbl.com\/index.php\/wp-json\/wp\/v2\/users\/1"}],"replies":[{"embeddable":true,"href":"http:\/\/formidable-asbl.com\/index.php\/wp-json\/wp\/v2\/comments?post=143"}],"version-history":[{"count":20,"href":"http:\/\/formidable-asbl.com\/index.php\/wp-json\/wp\/v2\/pages\/143\/revisions"}],"predecessor-version":[{"id":196,"href":"http:\/\/formidable-asbl.com\/index.php\/wp-json\/wp\/v2\/pages\/143\/revisions\/196"}],"up":[{"embeddable":true,"href":"http:\/\/formidable-asbl.com\/index.php\/wp-json\/wp\/v2\/pages\/763"}],"wp:featuredmedia":[{"embeddable":true,"href":"http:\/\/formidable-asbl.com\/index.php\/wp-json\/wp\/v2\/media\/1501"}],"wp:attachment":[{"href":"http:\/\/formidable-asbl.com\/index.php\/wp-json\/wp\/v2\/media?parent=143"}],"curies":[{"name":"wp","href":"https:\/\/api.w.org\/{rel}","templated":true}]}}