{"id":1420,"date":"2023-10-27T21:16:03","date_gmt":"2023-10-27T19:16:03","guid":{"rendered":"http:\/\/formidable-asbl.com\/?page_id=1420"},"modified":"2024-11-15T08:18:39","modified_gmt":"2024-11-15T07:18:39","slug":"journee-formi-kids-2023","status":"publish","type":"page","link":"http:\/\/formidable-asbl.com\/index.php\/nos-actions\/journee-formi-kids-2023\/","title":{"rendered":"Journ\u00e9e Formi&rsquo; KIDS"},"content":{"rendered":"<h1 style=\"padding-left: 40px; text-align: center;\">L&rsquo;asbl FORMIDABLE<br \/>\norgnise une journ\u00e9e f\u00e9\u00e9rique avec le p\u00e8re No\u00ebl<\/h1>\n<p>&nbsp;<\/p>\n<p style=\"padding-left: 80px; text-align: center;\"><span style=\"font-size: 24px;\"><strong><span style=\"color: #ff0000;\">Nous sommes complet et les inscriptions sont termin\u00e9es !<\/span><\/strong><\/span><\/p>\n<p>&nbsp;<\/p>\n<p>&nbsp;<\/p>\n<p style=\"padding-left: 40px;\"><strong>Quand ?<\/strong><br \/>\nLe samedi 16\/12\/2022<\/p>\n<p style=\"padding-left: 40px;\"><strong>O\u00f9 ?<\/strong><br \/>\nSalle de la r\u00e9gence \u00e0 Marcinelle (Grand\u2019place 23, 6001)<\/p>\n<p style=\"padding-left: 40px;\"><strong>Pour qui ?<\/strong><br \/>\nAux profits des enfants moins chanceux de 3 \u00e0 11 ans + 1 adulte par famille.<\/p>\n<p>&nbsp;<\/p>\n<p style=\"padding-left: 40px;\">\u00c9v\u00e8nement 100% gratuit !!!<\/p>\n<p style=\"padding-left: 40px;\">Nombre de places limit\u00e9es \u00e0 60 enfants !<\/p>\n<p>&nbsp;<\/p>\n<p style=\"padding-left: 40px;\"><span style=\"color: #cf0404;\"><strong>En cas d&#8217;emp\u00eachement, assurez-vous de nous pr\u00e9venir, car les cadeaux seront personnalis\u00e9s,\u00a0 et cela offrira \u00e0 d&rsquo;autres enfants la possibilit\u00e9 d&rsquo;en profiter.<\/strong><\/span><\/p>\n<p>&nbsp;<\/p>\n<p style=\"padding-left: 40px;\">Au programme :<\/p>\n<ul>\n<li style=\"list-style-type: none;\">\n<ul>\n<li>13h30 : Arriv\u00e9e des enfants<\/li>\n<li>14h00 : Spectacle de Gribouille<\/li>\n<li>15h00 : Grand buffet desserts, mascotte, grimages, ballons sculpt\u00e9s&#8230;<\/li>\n<li>17h00 : Arriv\u00e9e du p\u00e8re No\u00ebl avec distribution de cadeaux et de bonbons + photo individuelle avec le p\u00e8re No\u00ebl<\/li>\n<\/ul>\n<\/li>\n<\/ul>\n<p><!--\n\n\n<div style=\"text-align: center;\"><iframe loading=\"lazy\" src=\"https:\/\/docs.google.com\/forms\/d\/e\/1FAIpQLScWlQ7oRy_SyjTMbptMT9FLB815UJGbyYqI26Klnz7T324NEg\/viewform?embedded=true\" width=\"640\" height=\"1576\" frameborder=\"0\" marginwidth=\"0\" marginheight=\"0\">Chargement\u2026<\/iframe><\/div>\n\n\n--><\/p>\n","protected":false},"excerpt":{"rendered":"<p>L&rsquo;asbl FORMIDABLE orgnise une journ\u00e9e f\u00e9\u00e9rique avec le p\u00e8re No\u00ebl &nbsp; Nous sommes complet et les inscriptions sont termin\u00e9es ! &nbsp; &nbsp; Quand ? Le samedi 16\/12\/2022 O\u00f9 ? Salle de la r\u00e9gence \u00e0 Marcinelle (Grand\u2019place 23, 6001) Pour qui ? Aux profits des enfants moins chanceux de 3 \u00e0 11 ans + 1 adulte par famille. &nbsp; \u00c9v\u00e8nement 100% gratuit !!! Nombre de places limit\u00e9es \u00e0 60 enfants ! &nbsp; En cas d&#8217;emp\u00eachement, assurez-vous de nous pr\u00e9venir, car les cadeaux seront personnalis\u00e9s,\u00a0 et cela offrira \u00e0 d&rsquo;autres enfants la possibilit\u00e9 d&rsquo;en profiter. &nbsp; Au programme : 13h30 : Arriv\u00e9e&#8230;<\/p>\n","protected":false},"author":1,"featured_media":1445,"parent":747,"menu_order":0,"comment_status":"closed","ping_status":"closed","template":"","meta":{"_exactmetrics_skip_tracking":false,"_exactmetrics_sitenote_active":false,"_exactmetrics_sitenote_note":"","_exactmetrics_sitenote_category":0,"footnotes":""},"class_list":["post-1420","page","type-page","status-publish","has-post-thumbnail","hentry"],"_links":{"self":[{"href":"http:\/\/formidable-asbl.com\/index.php\/wp-json\/wp\/v2\/pages\/1420","targetHints":{"allow":["GET"]}}],"collection":[{"href":"http:\/\/formidable-asbl.com\/index.php\/wp-json\/wp\/v2\/pages"}],"about":[{"href":"http:\/\/formidable-asbl.com\/index.php\/wp-json\/wp\/v2\/types\/page"}],"author":[{"embeddable":true,"href":"http:\/\/formidable-asbl.com\/index.php\/wp-json\/wp\/v2\/users\/1"}],"replies":[{"embeddable":true,"href":"http:\/\/formidable-asbl.com\/index.php\/wp-json\/wp\/v2\/comments?post=1420"}],"version-history":[{"count":18,"href":"http:\/\/formidable-asbl.com\/index.php\/wp-json\/wp\/v2\/pages\/1420\/revisions"}],"predecessor-version":[{"id":1466,"href":"http:\/\/formidable-asbl.com\/index.php\/wp-json\/wp\/v2\/pages\/1420\/revisions\/1466"}],"up":[{"embeddable":true,"href":"http:\/\/formidable-asbl.com\/index.php\/wp-json\/wp\/v2\/pages\/747"}],"wp:featuredmedia":[{"embeddable":true,"href":"http:\/\/formidable-asbl.com\/index.php\/wp-json\/wp\/v2\/media\/1445"}],"wp:attachment":[{"href":"http:\/\/formidable-asbl.com\/index.php\/wp-json\/wp\/v2\/media?parent=1420"}],"curies":[{"name":"wp","href":"https:\/\/api.w.org\/{rel}","templated":true}]}}