{"id":1334,"date":"2022-11-01T18:46:42","date_gmt":"2022-11-01T17:46:42","guid":{"rendered":"http:\/\/formidable-asbl.com\/?page_id=1334"},"modified":"2024-11-15T08:19:51","modified_gmt":"2024-11-15T07:19:51","slug":"journee-saint-nicolas-2022","status":"publish","type":"page","link":"http:\/\/formidable-asbl.com\/index.php\/nos-actions\/journee-saint-nicolas-2022\/","title":{"rendered":"Journ\u00e9e Saint-Nicolas"},"content":{"rendered":"<div style=\"text-align: center;\"><img loading=\"lazy\" decoding=\"async\" class=\"aligncenter wp-image-1351 size-full\" src=\"http:\/\/formidable-asbl.com\/wp-content\/uploads\/2022\/11\/st-nicolas-1.jpg\" alt=\"\" width=\"1588\" height=\"616\" srcset=\"http:\/\/formidable-asbl.com\/wp-content\/uploads\/2022\/11\/st-nicolas-1.jpg 1588w, http:\/\/formidable-asbl.com\/wp-content\/uploads\/2022\/11\/st-nicolas-1-300x116.jpg 300w, http:\/\/formidable-asbl.com\/wp-content\/uploads\/2022\/11\/st-nicolas-1-1024x397.jpg 1024w, http:\/\/formidable-asbl.com\/wp-content\/uploads\/2022\/11\/st-nicolas-1-768x298.jpg 768w, http:\/\/formidable-asbl.com\/wp-content\/uploads\/2022\/11\/st-nicolas-1-1536x596.jpg 1536w\" sizes=\"auto, (max-width: 1588px) 100vw, 1588px\" \/><\/div>\n<h1 style=\"padding-left: 40px; text-align: center;\">La FORMI\u2019BOUTIQUE et l&rsquo;asbl FORMIDABLE<br \/>\nOrganise une journ\u00e9e Saint-Nicolas.<\/h1>\n<p>&nbsp;<\/p>\n<p style=\"padding-left: 40px;\"><strong>Quand ?<\/strong><br \/>\nLe samedi 03\/12\/2022<\/p>\n<p style=\"padding-left: 40px;\"><strong>O\u00f9 ?<\/strong><br \/>\nSalle de la r\u00e9gence \u00e0 Marcinelle (Grand\u2019place 23, 6001)<\/p>\n<p style=\"padding-left: 40px;\"><strong>Pour qui ?<\/strong><br \/>\nLes enfants de 3 \u00e0 8 ans + 1 adulte par famille<\/p>\n<p>&nbsp;<\/p>\n<p style=\"padding-left: 40px;\">\u00c9v\u00e8nement 100% gratuit.<\/p>\n<p style=\"padding-left: 40px;\">Les enfants on apport\u00e9 un dessin de Saint-Nicolas et apr\u00e8s un tirage au sort un enfant a pu remporter une surprise !!<\/p>\n<p style=\"padding-left: 40px;\">Au programme :<\/p>\n<ul>\n<li style=\"list-style-type: none;\">\n<ul>\n<li style=\"list-style-type: none;\">\n<ul>\n<li style=\"list-style-type: none;\">\n<ul>\n<li>13h30 : arriv\u00e9e des enfants<\/li>\n<li>14h00 : spectacle de clown<\/li>\n<li>15h30 : go\u00fbter<\/li>\n<li>16h30 : arriv\u00e9e de St-Nicolas avec distribution de cadeaux et de bonbons + photo individuelle avec le grand Saint.<\/li>\n<\/ul>\n<\/li>\n<\/ul>\n<\/li>\n<\/ul>\n<\/li>\n<\/ul>\n<p>&nbsp;<\/p>\n<p><iframe loading=\"lazy\" style=\"border: none; overflow: hidden;\" src=\"https:\/\/www.facebook.com\/plugins\/post.php?href=https%3A%2F%2Fwww.facebook.com%2Fpermalink.php%3Fstory_fbid%3Dpfbid0JGjdYyziZ3WWwo6BfGXZskj39VLq6eWQzUz2M2mRdjMmsUt5a6LBGNLiocqcHwxYl%26id%3D486746108078425&amp;show_text=true&amp;width=500\" width=\"500\" height=\"979\" frameborder=\"0\" scrolling=\"no\" allowfullscreen=\"allowfullscreen\"><\/iframe><\/p>\n<p>&nbsp;<\/p>\n","protected":false},"excerpt":{"rendered":"<p>La FORMI\u2019BOUTIQUE et l&rsquo;asbl FORMIDABLE Organise une journ\u00e9e Saint-Nicolas. &nbsp; Quand ? Le samedi 03\/12\/2022 O\u00f9 ? Salle de la r\u00e9gence \u00e0 Marcinelle (Grand\u2019place 23, 6001) Pour qui ? Les enfants de 3 \u00e0 8 ans + 1 adulte par famille &nbsp; \u00c9v\u00e8nement 100% gratuit. Les enfants on apport\u00e9 un dessin de Saint-Nicolas et apr\u00e8s un tirage au sort un enfant a pu remporter une surprise !! Au programme : 13h30 : arriv\u00e9e des enfants 14h00 : spectacle de clown 15h30 : go\u00fbter 16h30 : arriv\u00e9e de St-Nicolas avec distribution de cadeaux et de bonbons + photo individuelle avec le&#8230;<\/p>\n","protected":false},"author":1,"featured_media":0,"parent":747,"menu_order":0,"comment_status":"closed","ping_status":"closed","template":"","meta":{"_exactmetrics_skip_tracking":false,"_exactmetrics_sitenote_active":false,"_exactmetrics_sitenote_note":"","_exactmetrics_sitenote_category":0,"footnotes":""},"class_list":["post-1334","page","type-page","status-publish","hentry"],"_links":{"self":[{"href":"http:\/\/formidable-asbl.com\/index.php\/wp-json\/wp\/v2\/pages\/1334","targetHints":{"allow":["GET"]}}],"collection":[{"href":"http:\/\/formidable-asbl.com\/index.php\/wp-json\/wp\/v2\/pages"}],"about":[{"href":"http:\/\/formidable-asbl.com\/index.php\/wp-json\/wp\/v2\/types\/page"}],"author":[{"embeddable":true,"href":"http:\/\/formidable-asbl.com\/index.php\/wp-json\/wp\/v2\/users\/1"}],"replies":[{"embeddable":true,"href":"http:\/\/formidable-asbl.com\/index.php\/wp-json\/wp\/v2\/comments?post=1334"}],"version-history":[{"count":25,"href":"http:\/\/formidable-asbl.com\/index.php\/wp-json\/wp\/v2\/pages\/1334\/revisions"}],"predecessor-version":[{"id":1423,"href":"http:\/\/formidable-asbl.com\/index.php\/wp-json\/wp\/v2\/pages\/1334\/revisions\/1423"}],"up":[{"embeddable":true,"href":"http:\/\/formidable-asbl.com\/index.php\/wp-json\/wp\/v2\/pages\/747"}],"wp:attachment":[{"href":"http:\/\/formidable-asbl.com\/index.php\/wp-json\/wp\/v2\/media?parent=1334"}],"curies":[{"name":"wp","href":"https:\/\/api.w.org\/{rel}","templated":true}]}}