{"id":1306,"date":"2022-08-29T13:02:47","date_gmt":"2022-08-29T11:02:47","guid":{"rendered":"http:\/\/formidable-asbl.com\/?page_id=1306"},"modified":"2025-05-29T21:01:06","modified_gmt":"2025-05-29T19:01:06","slug":"formi-market","status":"publish","type":"page","link":"http:\/\/formidable-asbl.com\/index.php\/nos-projets\/formi-market\/","title":{"rendered":"Formi&rsquo;Market"},"content":{"rendered":"<h1 style=\"text-align: center;\"><em><strong>Le mini Market\u00a0Formidable<\/strong><\/em><\/h1>\n<p>&nbsp;<\/p>\n<p>D\u00e8s le 7 septembre, l\u2019ASBL Formidable lance le <strong>Formi&rsquo;Market<\/strong>, un nouveau projet pour les personnes dans le besoin.<\/p>\n<p>&nbsp;<\/p>\n<p>L\u2019augmentation du co\u00fbt de la vie ne permet plus \u00e0 certaines personnes d\u2019acheter les produits de base.<\/p>\n<p>Aussi, gr\u00e2ce \u00e0 une carte de membre \u00e0 3euros (1 carte par famille), vous pourrez venir dans notre boutique <strong>Formi&rsquo;Market<\/strong> faire des achats \u00e0 petits prix de produits d\u2019entretien, de produits d\u2019hygi\u00e8ne , produits pour b\u00e9b\u00e9s\u2026.<\/p>\n<p>Cette carte vous permettra \u00e9galement de participer \u00e0 nos actions ( buffets, colis alimentaires\u2026) et tout cela durant une ann\u00e9e.<\/p>\n<p style=\"text-align: left;\">Le <strong>Formi&rsquo;Market<\/strong> se situe avenue du chili b8\/A. A Marcinelle<\/p>\n<p style=\"text-align: left;\">Toutes les demandes pour l\u2019obtention de cette carte doivent se faire via le formulaire et seront analys\u00e9es.<br \/>\nLes demandes peuvent \u00e9galement \u00eatre valid\u00e9es par une assistante sociale.<\/p>\n<div style=\"text-align: center;\"><iframe loading=\"lazy\" src=\"https:\/\/docs.google.com\/forms\/d\/e\/1FAIpQLScfVqSRueCDtMcEITjafFclC4b8-GFpu0xwScBYHybwSZY9zg\/viewform?embedded=true\" width=\"640\" height=\"1700\" frameborder=\"0\" marginwidth=\"0\" marginheight=\"0\" scrolling=\"no\" allowfullscreen=\"allowfullscreen\">Chargement\u2026<\/iframe><\/div>\n<div><\/div>\n<div><div class=\"shortcode-slider\"><div class=\"slider_wrap\">[ap_slide\u00a0 target=\u00a0\u00bb_self\u00a0\u00bb]http:\/\/formidable-asbl.com\/wp-content\/uploads\/2024\/11\/430272163_802010261959018_5090498413622141023_n-1.jpg[\/ap_slide]\n[ap_slide\u00a0 target=\u00a0\u00bb_self\u00a0\u00bb]http:\/\/formidable-asbl.com\/wp-content\/uploads\/2024\/11\/429814968_802010355292342_5573510563400217004_n-2.jpg[\/ap_slide]\n[ap_slide\u00a0 target=\u00a0\u00bb_self\u00a0\u00bb]http:\/\/formidable-asbl.com\/wp-content\/uploads\/2024\/11\/423327247_853576000135777_4028825144944914720_n-1.jpg[\/ap_slide]\n[ap_slide\u00a0 target=\u00a0\u00bb_self\u00a0\u00bb]http:\/\/formidable-asbl.com\/wp-content\/uploads\/2024\/11\/430271029_802010208625690_1863715623795042969_n-1.jpg[\/ap_slide]<\/div><\/div><\/div>\n","protected":false},"excerpt":{"rendered":"<p>Le mini Market\u00a0Formidable &nbsp; D\u00e8s le 7 septembre, l\u2019ASBL Formidable lance le Formi&rsquo;Market, un nouveau projet pour les personnes dans le besoin. &nbsp; L\u2019augmentation du co\u00fbt de la vie ne permet plus \u00e0 certaines personnes d\u2019acheter les produits de base. Aussi, gr\u00e2ce \u00e0 une carte de membre \u00e0 3euros (1 carte par famille), vous pourrez venir dans notre boutique Formi&rsquo;Market faire des achats \u00e0 petits prix de produits d\u2019entretien, de produits d\u2019hygi\u00e8ne , produits pour b\u00e9b\u00e9s\u2026. Cette carte vous permettra \u00e9galement de participer \u00e0 nos actions ( buffets, colis alimentaires\u2026) et tout cela durant une ann\u00e9e. Le Formi&rsquo;Market se situe&#8230;<\/p>\n","protected":false},"author":1,"featured_media":1481,"parent":763,"menu_order":0,"comment_status":"closed","ping_status":"closed","template":"","meta":{"_exactmetrics_skip_tracking":false,"_exactmetrics_sitenote_active":false,"_exactmetrics_sitenote_note":"","_exactmetrics_sitenote_category":0,"footnotes":""},"class_list":["post-1306","page","type-page","status-publish","has-post-thumbnail","hentry"],"_links":{"self":[{"href":"http:\/\/formidable-asbl.com\/index.php\/wp-json\/wp\/v2\/pages\/1306","targetHints":{"allow":["GET"]}}],"collection":[{"href":"http:\/\/formidable-asbl.com\/index.php\/wp-json\/wp\/v2\/pages"}],"about":[{"href":"http:\/\/formidable-asbl.com\/index.php\/wp-json\/wp\/v2\/types\/page"}],"author":[{"embeddable":true,"href":"http:\/\/formidable-asbl.com\/index.php\/wp-json\/wp\/v2\/users\/1"}],"replies":[{"embeddable":true,"href":"http:\/\/formidable-asbl.com\/index.php\/wp-json\/wp\/v2\/comments?post=1306"}],"version-history":[{"count":22,"href":"http:\/\/formidable-asbl.com\/index.php\/wp-json\/wp\/v2\/pages\/1306\/revisions"}],"predecessor-version":[{"id":1474,"href":"http:\/\/formidable-asbl.com\/index.php\/wp-json\/wp\/v2\/pages\/1306\/revisions\/1474"}],"up":[{"embeddable":true,"href":"http:\/\/formidable-asbl.com\/index.php\/wp-json\/wp\/v2\/pages\/763"}],"wp:featuredmedia":[{"embeddable":true,"href":"http:\/\/formidable-asbl.com\/index.php\/wp-json\/wp\/v2\/media\/1481"}],"wp:attachment":[{"href":"http:\/\/formidable-asbl.com\/index.php\/wp-json\/wp\/v2\/media?parent=1306"}],"curies":[{"name":"wp","href":"https:\/\/api.w.org\/{rel}","templated":true}]}}