{"id":1277,"date":"2022-08-07T14:28:08","date_gmt":"2022-08-07T12:28:08","guid":{"rendered":"http:\/\/formidable-asbl.com\/?page_id=1277"},"modified":"2025-05-29T22:05:41","modified_gmt":"2025-05-29T20:05:41","slug":"vestiboutique","status":"publish","type":"page","link":"http:\/\/formidable-asbl.com\/index.php\/nos-projets\/vestiboutique\/","title":{"rendered":"Vestiboutique"},"content":{"rendered":"<h1 style=\"text-align: center;\"><strong>La v<i>estiboutique Formidable<\/i><\/strong><\/h1>\n<p>&nbsp;<\/p>\n<p>L\u2019ASBL Formidable vous pr\u00e9sente la <strong>Formi\u2019boutique.<\/strong><\/p>\n<p>Une vestiboutique qui \u00e0 ouvert ses portes le 16 juillet 2022 \u00e0 la Cit\u00e9 Parc dans les anciens locaux de la Sambrienne.<\/p>\n<p style=\"text-align: center;\"><strong>Ouvert les mercredis apr\u00e8s-midi de 13h \u00e0 17h et les samedis de 9h \u00e0 17h.<\/strong><\/p>\n<p>&nbsp;<\/p>\n<p>En effet, nous recevions beaucoup de v\u00eatements pour les personnes sans domicile fixe, sans savoir que faire des v\u00eatements pour les enfants. Depuis, l\u2019id\u00e9e a fait son chemin&#8230;<\/p>\n<p>La <strong>Formi\u2019boutique, <\/strong>boutique vestimentaires et accessoires ouverte \u00e0 toutes et tous,\u00a0proposera des pi\u00e8ces textiles en seconde main, au prix le plus bas.<\/p>\n<p>&nbsp;<\/p>\n<p>Polo, t-shirt, short, jeans et m\u00eame des robes, voil\u00e0 un aper\u00e7u de ce qui est propos\u00e9 dans cette toute nouvelle vesti-boutique situ\u00e9e \u00e0 la Cit\u00e9 Parc de Marcinelle.<\/p>\n<p>Au niveau des prix, on ne fait mieux nulle part ailleurs. C\u2019est bien simple, la finalit\u00e9 de ce magasin est sociale et donc les prix se situent entre 1 et 10 euros.<br \/>\nNotre but est d\u2019all\u00e9ger les d\u00e9penses des citoyens. Rien ne d\u00e9passe 10 euros et l\u2019argent r\u00e9colt\u00e9 servira \u00e0 payer les frais du b\u00e2timent.<\/p>\n<p>&nbsp;<\/p>\n<p style=\"text-align: center;\"><strong>\u00ab Le client seul pourra acheter\u00a0au maximum 5 v\u00eatements. <\/strong><\/p>\n<p style=\"text-align: center;\"><strong>Maintenant, une famille avec 4 enfants pourra rhabiller les bambins. Il n\u2019y aura pas de souci \u00e0 ce niveau-l\u00e0 puisque c\u2019est une vesti-boutique solidaire \u00bb<\/strong><\/p>\n<p>&nbsp;<\/p>\n<p style=\"text-align: left;\">Les quantit\u00e9s vendues seront donc limit\u00e9es par personne.<br \/>\nIl est \u00e9galement possible de venir d\u00e9poser des v\u00eatements mais \u00e7a ne se fera que sous certaines conditions:<\/p>\n<p>Nous demandons qu\u2019ils soient dans un bon \u00e9tat et propres.<br \/>\nEnsemble, avec les donneurs, nous ferons l\u2019\u00e9tat des v\u00eatements donn\u00e9s.<\/p>\n<p>&nbsp;<\/p>\n<p>&nbsp;<\/p>\n<hr \/>\n<div class=\"shortcode-slider\"><div class=\"slider_wrap\"><div class=\"ap-slide\"><img decoding=\"async\" title=\"\" src=\"http:\/\/formidable-asbl.com\/wp-content\/uploads\/2022\/08\/292471242_5227977690621886_7226295366695127547_n.jpg\"><\/div>\n<div class=\"ap-slide\"><img decoding=\"async\" title=\"\" src=\"http:\/\/formidable-asbl.com\/wp-content\/uploads\/2022\/08\/292401431_5227976510622004_8804944309874027958_n.jpg\"><\/div>\n<div class=\"ap-slide\"><img decoding=\"async\" title=\"\" src=\"http:\/\/formidable-asbl.com\/wp-content\/uploads\/2022\/08\/292395575_5227976813955307_3949011676060603795_n.jpg\"><\/div>\n<div class=\"ap-slide\"><img decoding=\"async\" title=\"\" src=\"http:\/\/formidable-asbl.com\/wp-content\/uploads\/2022\/08\/292403333_5227977857288536_5062554005851753565_n.jpg\"><\/div>\n<div class=\"ap-slide\"><img decoding=\"async\" title=\"\" src=\"http:\/\/formidable-asbl.com\/wp-content\/uploads\/2022\/08\/292390821_5227977380621917_7660903109233852405_n.jpg\"><\/div>\n<div class=\"ap-slide\"><img decoding=\"async\" title=\"\" src=\"http:\/\/formidable-asbl.com\/wp-content\/uploads\/2022\/08\/292390434_5227977143955274_7164754548515181030_n.jpg\"><\/div>\n<div class=\"ap-slide\"><img decoding=\"async\" title=\"\" src=\"http:\/\/formidable-asbl.com\/wp-content\/uploads\/2022\/08\/292367379_5227976643955324_5809997817252646135_n.jpg\"><\/div>\n<div class=\"ap-slide\"><img decoding=\"async\" title=\"\" src=\"http:\/\/formidable-asbl.com\/wp-content\/uploads\/2022\/08\/292360486_5227976970621958_8943792508207520312_n.jpg\"><\/div><\/div><\/div>\n<hr \/>\n<div class=\"ap_call_to_action clearfix center\"><div class=\"ap_call_to_action_content\">Un autre local proposera des produits d\u2019hygi\u00e8ne, d\u2019entretien et des fournitures pour b\u00e9b\u00e9. Mais cette boutique-l\u00e0 sera uniquement accessible aux b\u00e9n\u00e9ficiaires sociaux.<\/div><a href=\"http:\/\/formidable-asbl.com\/index.php\/nos-projets\/formi-market\/\" class=\"ap_call_to_action_button\">Voir Formi'Market<\/a><\/div>\n","protected":false},"excerpt":{"rendered":"<p>La vestiboutique Formidable &nbsp; L\u2019ASBL Formidable vous pr\u00e9sente la Formi\u2019boutique. Une vestiboutique qui \u00e0 ouvert ses portes le 16 juillet 2022 \u00e0 la Cit\u00e9 Parc dans les anciens locaux de la Sambrienne. Ouvert les mercredis apr\u00e8s-midi de 13h \u00e0 17h et les samedis de 9h \u00e0 17h. &nbsp; En effet, nous recevions beaucoup de v\u00eatements pour les personnes sans domicile fixe, sans savoir que faire des v\u00eatements pour les enfants. Depuis, l\u2019id\u00e9e a fait son chemin&#8230; La Formi\u2019boutique, boutique vestimentaires et accessoires ouverte \u00e0 toutes et tous,\u00a0proposera des pi\u00e8ces textiles en seconde main, au prix le plus bas. &nbsp; Polo,&#8230;<\/p>\n","protected":false},"author":1,"featured_media":1259,"parent":763,"menu_order":0,"comment_status":"closed","ping_status":"closed","template":"","meta":{"_exactmetrics_skip_tracking":false,"_exactmetrics_sitenote_active":false,"_exactmetrics_sitenote_note":"","_exactmetrics_sitenote_category":0,"footnotes":""},"class_list":["post-1277","page","type-page","status-publish","has-post-thumbnail","hentry"],"_links":{"self":[{"href":"http:\/\/formidable-asbl.com\/index.php\/wp-json\/wp\/v2\/pages\/1277","targetHints":{"allow":["GET"]}}],"collection":[{"href":"http:\/\/formidable-asbl.com\/index.php\/wp-json\/wp\/v2\/pages"}],"about":[{"href":"http:\/\/formidable-asbl.com\/index.php\/wp-json\/wp\/v2\/types\/page"}],"author":[{"embeddable":true,"href":"http:\/\/formidable-asbl.com\/index.php\/wp-json\/wp\/v2\/users\/1"}],"replies":[{"embeddable":true,"href":"http:\/\/formidable-asbl.com\/index.php\/wp-json\/wp\/v2\/comments?post=1277"}],"version-history":[{"count":17,"href":"http:\/\/formidable-asbl.com\/index.php\/wp-json\/wp\/v2\/pages\/1277\/revisions"}],"predecessor-version":[{"id":1511,"href":"http:\/\/formidable-asbl.com\/index.php\/wp-json\/wp\/v2\/pages\/1277\/revisions\/1511"}],"up":[{"embeddable":true,"href":"http:\/\/formidable-asbl.com\/index.php\/wp-json\/wp\/v2\/pages\/763"}],"wp:featuredmedia":[{"embeddable":true,"href":"http:\/\/formidable-asbl.com\/index.php\/wp-json\/wp\/v2\/media\/1259"}],"wp:attachment":[{"href":"http:\/\/formidable-asbl.com\/index.php\/wp-json\/wp\/v2\/media?parent=1277"}],"curies":[{"name":"wp","href":"https:\/\/api.w.org\/{rel}","templated":true}]}}