{"id":1194,"date":"2022-06-25T15:20:31","date_gmt":"2022-06-25T13:20:31","guid":{"rendered":"http:\/\/formidable-asbl.com\/?page_id=1194"},"modified":"2022-08-28T14:18:22","modified_gmt":"2022-08-28T12:18:22","slug":"randonee-vtt-2022","status":"publish","type":"page","link":"http:\/\/formidable-asbl.com\/index.php\/nos-actions\/randonee-vtt-2022\/","title":{"rendered":"Randon\u00e9e VTT 2022"},"content":{"rendered":"<h4 style=\"padding-left: 40px; text-align: center;\">Amis Vettetistes,<br \/>\n\u00c0 vos agendas!<\/h4>\n<p><img loading=\"lazy\" decoding=\"async\" class=\"wp-image-1248 aligncenter\" src=\"http:\/\/formidable-asbl.com\/wp-content\/uploads\/2022\/07\/Illustration-sans-titre1-scaled.jpg\" alt=\"\" width=\"1044\" height=\"1477\" srcset=\"http:\/\/formidable-asbl.com\/wp-content\/uploads\/2022\/07\/Illustration-sans-titre1-scaled.jpg 1810w, http:\/\/formidable-asbl.com\/wp-content\/uploads\/2022\/07\/Illustration-sans-titre1-212x300.jpg 212w, http:\/\/formidable-asbl.com\/wp-content\/uploads\/2022\/07\/Illustration-sans-titre1-724x1024.jpg 724w, http:\/\/formidable-asbl.com\/wp-content\/uploads\/2022\/07\/Illustration-sans-titre1-768x1086.jpg 768w, http:\/\/formidable-asbl.com\/wp-content\/uploads\/2022\/07\/Illustration-sans-titre1-1086x1536.jpg 1086w, http:\/\/formidable-asbl.com\/wp-content\/uploads\/2022\/07\/Illustration-sans-titre1-1448x2048.jpg 1448w\" sizes=\"auto, (max-width: 1044px) 100vw, 1044px\" \/><\/p>\n<p>&nbsp;<\/p>\n<p>&nbsp;<\/p>\n<p style=\"text-align: left; padding-left: 40px;\"><span style=\"color: #333333;\">Le 21 ao\u00fbt, l&rsquo;ASBL Formidable \u00e0 organis\u00e9 une randonn\u00e9e VTT pour la bonne cause avec <\/span><span style=\"color: #333333;\">3 parcours disponibles 12km, 20 km et 40 km.<br \/>\n<\/span><\/p>\n<p style=\"text-align: left; padding-left: 40px;\">Les pr\u00e9ventes et <span style=\"color: #333333;\">Inscriptions <\/span>sont termin\u00e9es.<\/p>\n<p style=\"padding-left: 40px;\"><span style=\"color: #333333;\">Inclus:<\/span><br \/>\n<span style=\"color: #333333;\">* Ravitaillement<\/span><br \/>\n<span style=\"color: #333333;\">* Vestiaire + douche<\/span><br \/>\n<span style=\"color: #333333;\">* Bike wash<\/span><\/p>\n<p style=\"text-align: left; padding-left: 40px;\"><span style=\"color: #333333;\">Vous ne faites pas de VTT ?\u00a0<\/span><\/p>\n<p style=\"text-align: left; padding-left: 40px;\"><span style=\"color: #333333;\">Aucun probl\u00e8me, initiation VTT pour les plus petits.<br \/>\nCh\u00e2teau gonflable et diverses activit\u00e9s tout au long de la journ\u00e9e.<\/span><\/p>\n<p style=\"text-align: left; padding-left: 40px;\">Le programme:<\/p>\n<ul>\n<li style=\"list-style-type: none;\">\n<ul>\n<li style=\"list-style-type: none;\">\n<ul>\n<li>08h30 &#8211; 10h30: D\u00e9part randonn\u00e9e vtt 12-20-40km<\/li>\n<li>10h30 &#8211; 11h30: Piloxing(zumba,boxe,pilates) gratuit<\/li>\n<li>10h30 &#8211; 14h00: Initiation v\u00e9lo 8 \u00e0 13ans (gratuit)<\/li>\n<li>11h30 &#8211; 12h30: Yoga-stretching (gratuit)<\/li>\n<li>13h00 &#8211; 14h00: Kangoo jumps (gratuit)<\/li>\n<li>14h00 &#8211; 15h00: Zumba kids (gratuit)<\/li>\n<li>Tic \u00e0 l&rsquo;arc- badminton- ch\u00e2teau gonflable- barbe \u00e0 papa- p\u00eache aux canards- bar- barbecue,&#8230;<strong><br \/>\n<\/strong><\/li>\n<\/ul>\n<\/li>\n<\/ul>\n<\/li>\n<\/ul>\n<p><iframe loading=\"lazy\" style=\"border: none; overflow: hidden;\" src=\"https:\/\/www.facebook.com\/plugins\/post.php?href=https%3A%2F%2Fwww.facebook.com%2Fpermalink.php%3Fstory_fbid%3Dpfbid026CkaZXUytwjWLymxw3U1K678HzRGwQqGZRb2pU8maLWKPvwtPUDrxCzZjhzFmGByl%26id%3D486746108078425&amp;show_text=true&amp;width=500\" width=\"500\" height=\"876\" frameborder=\"0\" scrolling=\"no\" allowfullscreen=\"allowfullscreen\"><\/iframe><\/p>\n","protected":false},"excerpt":{"rendered":"<p>Amis Vettetistes, \u00c0 vos agendas! &nbsp; &nbsp; Le 21 ao\u00fbt, l&rsquo;ASBL Formidable \u00e0 organis\u00e9 une randonn\u00e9e VTT pour la bonne cause avec 3 parcours disponibles 12km, 20 km et 40 km. Les pr\u00e9ventes et Inscriptions sont termin\u00e9es. Inclus: * Ravitaillement * Vestiaire + douche * Bike wash Vous ne faites pas de VTT ?\u00a0 Aucun probl\u00e8me, initiation VTT pour les plus petits. Ch\u00e2teau gonflable et diverses activit\u00e9s tout au long de la journ\u00e9e. Le programme: 08h30 &#8211; 10h30: D\u00e9part randonn\u00e9e vtt 12-20-40km 10h30 &#8211; 11h30: Piloxing(zumba,boxe,pilates) gratuit 10h30 &#8211; 14h00: Initiation v\u00e9lo 8 \u00e0 13ans (gratuit) 11h30 &#8211; 12h30: Yoga-stretching&#8230;<\/p>\n","protected":false},"author":1,"featured_media":0,"parent":747,"menu_order":0,"comment_status":"closed","ping_status":"closed","template":"","meta":{"_exactmetrics_skip_tracking":false,"_exactmetrics_sitenote_active":false,"_exactmetrics_sitenote_note":"","_exactmetrics_sitenote_category":0,"footnotes":""},"class_list":["post-1194","page","type-page","status-publish","hentry"],"_links":{"self":[{"href":"http:\/\/formidable-asbl.com\/index.php\/wp-json\/wp\/v2\/pages\/1194","targetHints":{"allow":["GET"]}}],"collection":[{"href":"http:\/\/formidable-asbl.com\/index.php\/wp-json\/wp\/v2\/pages"}],"about":[{"href":"http:\/\/formidable-asbl.com\/index.php\/wp-json\/wp\/v2\/types\/page"}],"author":[{"embeddable":true,"href":"http:\/\/formidable-asbl.com\/index.php\/wp-json\/wp\/v2\/users\/1"}],"replies":[{"embeddable":true,"href":"http:\/\/formidable-asbl.com\/index.php\/wp-json\/wp\/v2\/comments?post=1194"}],"version-history":[{"count":52,"href":"http:\/\/formidable-asbl.com\/index.php\/wp-json\/wp\/v2\/pages\/1194\/revisions"}],"predecessor-version":[{"id":1396,"href":"http:\/\/formidable-asbl.com\/index.php\/wp-json\/wp\/v2\/pages\/1194\/revisions\/1396"}],"up":[{"embeddable":true,"href":"http:\/\/formidable-asbl.com\/index.php\/wp-json\/wp\/v2\/pages\/747"}],"wp:attachment":[{"href":"http:\/\/formidable-asbl.com\/index.php\/wp-json\/wp\/v2\/media?parent=1194"}],"curies":[{"name":"wp","href":"https:\/\/api.w.org\/{rel}","templated":true}]}}